{"id":346,"date":"2024-09-30T09:34:23","date_gmt":"2024-09-30T07:34:23","guid":{"rendered":"http:\/\/localhost\/flash-new\/?page_id=4"},"modified":"2024-12-19T12:23:14","modified_gmt":"2024-12-19T11:23:14","slug":"inicio","status":"publish","type":"page","link":"https:\/\/martincrecente.com\/en\/","title":{"rendered":"HOME"},"content":{"rendered":"<div id=\"pl-346\"  class=\"panel-layout\" ><div id=\"pg-346-0\"  class=\"panel-grid panel-has-style\" ><div class=\"siteorigin-panels-stretch panel-row-style panel-row-style-for-346-0\" data-stretch-type=\"full-width-stretch\" ><div id=\"pgc-346-0-0\"  class=\"panel-grid-cell\" ><div id=\"panel-346-0-0-0\" class=\"so-panel widget widget_themegrill_flash_slider tg-section tg-slider-widget panel-first-child panel-last-child\" data-index=\"0\" ><div class=\"tg-slider-widget slider-dark slider-content-center slider-control-center full-width\">\n\t<div class=\"swiper-container\">\n\t\t<div class=\"swiper-wrapper\">\n\t\t\t\n\t\t\t\t\t<div class=\"swiper-slide\">\n\t\t\t\t\t\t<figure class=\"slider-image\" >\n\t\t\t\t\t\t\t<img fetchpriority=\"high\" width=\"2560\" height=\"853\"\t\t\t\t\t\t\t\t\tsrc=\"https:\/\/martincrecente.com\/wp-content\/uploads\/2024\/12\/2303_Ed-banner-scaled.webp\"\n\t\t\t\t\t\t\t\t\talt=\"MARTIN CRECENTE SL\"\n\t\t\t\t\t\t\t\t\ttitle=\"MARTIN CRECENTE SL\"\/>\n\t\t\t\t\t\t\t<div class=\"overlay\"><\/div>\n\t\t\t\t\t\t<\/figure>\n\t\t\t\t\t\t<div class=\"slider-content\">\n\t\t\t\t\t\t\t<div class=\"tg-container\">\n\t\t\t\t\t\t\t\t<div class=\"caption-title\">MARTIN CRECENTE SL<\/div>\n\t\t\t\t\t\t\t\t<div class=\"caption-desc\">PRECISION BAR TURNING AND MACHINING<\/div>\n\t\t\t\t\t\t\t\t\t\t\t\t\t\t\t\t\t<div class=\"btn-wrapper\">\n\t\t\t\t\t\t\t\t\t\t<a href=\"https:\/\/martincrecente.com\/en\/empresa\/\">ABOUT US<\/a>\n\t\t\t\t\t\t\t\t\t<\/div>\n\t\t\t\t\t\t\t\t\t\t\t\t\t\t\t<\/div>\n\t\t\t\t\t\t<\/div>\n\t\t\t\t\t<\/div>\n\n\t\t\t\t\n\t\t\t\t\t<div class=\"swiper-slide\">\n\t\t\t\t\t\t<figure class=\"slider-image\" >\n\t\t\t\t\t\t\t<img width=\"2560\" height=\"853\"\t\t\t\t\t\t\t\t\tsrc=\"https:\/\/martincrecente.com\/wp-content\/uploads\/2024\/12\/2312_Ed-banner-scaled.webp\"\n\t\t\t\t\t\t\t\t\talt=\"QU\u00c9 OFRECEMOS\"\n\t\t\t\t\t\t\t\t\ttitle=\"WHAT WE OFFER\"\/>\n\t\t\t\t\t\t\t<div class=\"overlay\"><\/div>\n\t\t\t\t\t\t<\/figure>\n\t\t\t\t\t\t<div class=\"slider-content\">\n\t\t\t\t\t\t\t<div class=\"tg-container\">\n\t\t\t\t\t\t\t\t<div class=\"caption-title\">WHAT WE OFFER<\/div>\n\t\t\t\t\t\t\t\t<div class=\"caption-desc\">AUTOMOTIVE, MOTORCYCLE, HYDRAULICS AND COOLANT DISTRIBUTION PARTS<\/div>\n\t\t\t\t\t\t\t\t\t\t\t\t\t\t\t\t\t<div class=\"btn-wrapper\">\n\t\t\t\t\t\t\t\t\t\t<a href=\"https:\/\/martincrecente.com\/en\/producto\/\">SEE OUR PRODUCT<\/a>\n\t\t\t\t\t\t\t\t\t<\/div>\n\t\t\t\t\t\t\t\t\t\t\t\t\t\t\t<\/div>\n\t\t\t\t\t\t<\/div>\n\t\t\t\t\t<\/div>\n\n\t\t\t\t\t\t<\/div>\n\t\t<div class=\"swiper-pagination\"><\/div>\n\t\t<div class=\"slider-arrow\">\n\t\t\t<div class=\"swiper-button-next\"><\/div>\n\t\t\t<div class=\"swiper-button-prev\"><\/div>\n\t\t<\/div>\n\t<\/div>\n<\/div>\n<\/div><\/div><\/div><\/div><div id=\"pg-346-1\"  class=\"panel-grid panel-has-style\" ><div id=\"services\" class=\"panel-row-style panel-row-style-for-346-1\" ><div id=\"pgc-346-1-0\"  class=\"panel-grid-cell\" ><div id=\"panel-346-1-0-0\" class=\"so-panel widget widget_siteorigin-panels-builder panel-first-child panel-last-child\" data-index=\"1\" ><div class=\"panel-widget-style panel-widget-style-for-346-1-0-0\" ><div id=\"pl-w676402222c6e0\"  class=\"panel-layout\" ><div id=\"pg-w676402222c6e0-0\"  class=\"panel-grid panel-no-style\" ><div id=\"pgc-w676402222c6e0-0-0\"  class=\"panel-grid-cell\" ><div id=\"panel-w676402222c6e0-0-0-0\" class=\"so-panel widget widget_themegrill_flash_heading tg-widget section-title-wrapper panel-first-child panel-last-child\" data-index=\"0\" >\t<h3 class=\"section-title\">OUR SERVICES<\/h3>\n<\/div><\/div><\/div><div id=\"pg-w676402222c6e0-1\"  class=\"panel-grid panel-has-style\" ><div class=\"panel-row-style panel-row-style-for-w676402222c6e0-1\" ><div id=\"pgc-w676402222c6e0-1-0\"  class=\"panel-grid-cell\" ><div id=\"panel-w676402222c6e0-1-0-0\" class=\"so-panel widget widget_themegrill_flash_service tg-widget tg-single-service panel-first-child panel-last-child\" data-index=\"1\" >\n<div class=\"tg-service-widget tg-service-layout-2\">\n\t<div class=\"service-wrapper\">\n\t\t<div class=\"service-icon-title-wrapper clearfix\">\n\t\t\t\t\t\t<div class=\"service-icon-wrap\"><i class=\"fa fa-gears\"><\/i><\/div>\n\t\t\t\t\t\t\t\t\t\t\t\t<h3 class=\"service-title-wrap\">\n\t\t\t\t\t\t\t\t<a href=\"https:\/\/martincrecente.com\/en\/tecnologia\/\">\n\t\t\t\tMANUFACTURING\t\t\t\t\t\t\t\t<\/a>\n\t\t\t\t\t\t\t<\/h3>\n\t\t\t\t\t<\/div>\n\t\t\t\t<div class=\"service-content-wrap\">Precision machining by bar turning and milling.<\/div>\n\t\t\t\t\t\t<a class=\"service-more\" href=\"https:\/\/martincrecente.com\/en\/tecnologia\/\">GET TO KNOW OUR TECHNOLOGY<\/a>\n\t\t\t<\/div>\n<\/div>\n<\/div><\/div><div id=\"pgc-w676402222c6e0-1-1\"  class=\"panel-grid-cell\" ><div id=\"panel-w676402222c6e0-1-1-0\" class=\"so-panel widget widget_themegrill_flash_service tg-widget tg-single-service panel-first-child panel-last-child\" data-index=\"2\" >\n<div class=\"tg-service-widget tg-service-layout-2\">\n\t<div class=\"service-wrapper\">\n\t\t<div class=\"service-icon-title-wrapper clearfix\">\n\t\t\t\t\t\t<div class=\"service-icon-wrap\"><i class=\"fa fa-desktop\"><\/i><\/div>\n\t\t\t\t\t\t\t\t\t\t\t\t<h3 class=\"service-title-wrap\">\n\t\t\t\tCAD DESIGN\t\t\t\t\t\t\t<\/h3>\n\t\t\t\t\t<\/div>\n\t\t\t\t<div class=\"service-content-wrap\">Design of parts and mechanisms using SolidWorks CAD software.<\/div>\n\t\t\t\t\t<\/div>\n<\/div>\n<\/div><\/div><div id=\"pgc-w676402222c6e0-1-2\"  class=\"panel-grid-cell\" ><div id=\"panel-w676402222c6e0-1-2-0\" class=\"so-panel widget widget_themegrill_flash_service tg-widget tg-single-service panel-first-child panel-last-child\" data-index=\"3\" >\n<div class=\"tg-service-widget tg-service-layout-2\">\n\t<div class=\"service-wrapper\">\n\t\t<div class=\"service-icon-title-wrapper clearfix\">\n\t\t\t\t\t\t<div class=\"service-icon-wrap\"><i class=\"fa fa-line-chart\"><\/i><\/div>\n\t\t\t\t\t\t\t\t\t\t\t\t<h3 class=\"service-title-wrap\">\n\t\t\t\tINDUSTRIALISATION\t\t\t\t\t\t\t<\/h3>\n\t\t\t\t\t<\/div>\n\t\t\t\t<div class=\"service-content-wrap\">We define the optimum production process for the project \u2013 from concept to final assembly.<\/div>\n\t\t\t\t\t<\/div>\n<\/div>\n<\/div><\/div><div id=\"pgc-w676402222c6e0-1-3\"  class=\"panel-grid-cell\" ><div id=\"panel-w676402222c6e0-1-3-0\" class=\"so-panel widget widget_themegrill_flash_service tg-widget tg-single-service panel-first-child panel-last-child\" data-index=\"4\" >\n<div class=\"tg-service-widget tg-service-layout-2\">\n\t<div class=\"service-wrapper\">\n\t\t<div class=\"service-icon-title-wrapper clearfix\">\n\t\t\t\t\t\t<div class=\"service-icon-wrap\"><i class=\"fa fa-check\"><\/i><\/div>\n\t\t\t\t\t\t\t\t\t\t\t\t<h3 class=\"service-title-wrap\">\n\t\t\t\tPROCESS OPTIMISATION\t\t\t\t\t\t\t<\/h3>\n\t\t\t\t\t<\/div>\n\t\t\t\t<div class=\"service-content-wrap\">Our expert team, supported by powerful SolidCAM\nsoftware, works with the customer to tailor the process for maximum efficiency.<\/div>\n\t\t\t\t\t<\/div>\n<\/div>\n<\/div><\/div><\/div><\/div><\/div><\/div><\/div><\/div><\/div><\/div><div id=\"pg-346-2\"  class=\"panel-grid panel-has-style\" ><div class=\"siteorigin-panels-stretch panel-row-style panel-row-style-for-346-2\" id=\"fun-facts\" data-stretch-type=\"full\" ><div id=\"pgc-346-2-0\"  class=\"panel-grid-cell\" ><div id=\"panel-346-2-0-0\" class=\"so-panel widget widget_themegrill_flash_counter tg-widget tg-single-counter panel-first-child panel-last-child\" data-index=\"2\" ><div class=\"fun-facts-section\">\n\t<div class=\"tg-fun-facts-widget tg-fun-facts-layout-1\">\n\t\t<div class=\"fun-facts-wrapper\">\n\t\t\t\t\t\t<span class=\"fun-facts-icon-wrap\"><i class=\"fa fa-history\"><\/i><\/span>\n\t\t\t\t\t\t\t\t\t<span class=\"counter-wrapper\"><span class=\"counter\">35<\/span><i class=\"fa fa-plus\"><\/i><\/span>\n\t\t\t\t\t\t\t\t\t<h3 class=\"fun-facts-title-wrap\">Years of history<\/h3>\n\t\t\t\t\t<\/div>\n\t<\/div>\n<\/div>\n<\/div><\/div><div id=\"pgc-346-2-1\"  class=\"panel-grid-cell\" ><div id=\"panel-346-2-1-0\" class=\"so-panel widget widget_themegrill_flash_counter tg-widget tg-single-counter panel-first-child panel-last-child\" data-index=\"3\" ><div class=\"fun-facts-section\">\n\t<div class=\"tg-fun-facts-widget tg-fun-facts-layout-1\">\n\t\t<div class=\"fun-facts-wrapper\">\n\t\t\t\t\t\t<span class=\"fun-facts-icon-wrap\"><i class=\"fa fa-gears\"><\/i><\/span>\n\t\t\t\t\t\t\t\t\t<span class=\"counter-wrapper\"><span class=\"counter\">30<\/span><i class=\"fa fa-plus\"><\/i><\/span>\n\t\t\t\t\t\t\t\t\t<h3 class=\"fun-facts-title-wrap\">Lathes and milling machines<\/h3>\n\t\t\t\t\t<\/div>\n\t<\/div>\n<\/div>\n<\/div><\/div><div id=\"pgc-346-2-2\"  class=\"panel-grid-cell\" ><div id=\"panel-346-2-2-0\" class=\"so-panel widget widget_themegrill_flash_counter tg-widget tg-single-counter panel-first-child panel-last-child\" data-index=\"4\" ><div class=\"fun-facts-section\">\n\t<div class=\"tg-fun-facts-widget tg-fun-facts-layout-1\">\n\t\t<div class=\"fun-facts-wrapper\">\n\t\t\t\t\t\t<span class=\"fun-facts-icon-wrap\"><i class=\"fa fa-industry\"><\/i><\/span>\n\t\t\t\t\t\t\t\t\t<span class=\"counter-wrapper\"><span class=\"counter\">4<\/span><i class=\"fa fa-plus\"><\/i><\/span>\n\t\t\t\t\t\t\t\t\t<h3 class=\"fun-facts-title-wrap\">Million parts a year<\/h3>\n\t\t\t\t\t<\/div>\n\t<\/div>\n<\/div>\n<\/div><\/div><\/div><\/div><div id=\"pg-346-3\"  class=\"panel-grid panel-has-style\" ><div id=\"clients\" class=\"panel-row-style panel-row-style-for-346-3\" ><div id=\"pgc-346-3-0\"  class=\"panel-grid-cell\" ><div id=\"panel-346-3-0-0\" class=\"so-panel widget widget_siteorigin-panels-builder panel-first-child panel-last-child\" data-index=\"5\" ><div class=\"panel-widget-style panel-widget-style-for-346-3-0-0\" ><div id=\"pl-w676133373f175\"  class=\"panel-layout\" ><div id=\"pg-w676133373f175-0\"  class=\"panel-grid panel-no-style\" ><div id=\"pgc-w676133373f175-0-0\"  class=\"panel-grid-cell\" ><div id=\"panel-w676133373f175-0-0-0\" class=\"so-panel widget widget_themegrill_flash_heading tg-widget section-title-wrapper panel-first-child panel-last-child\" data-index=\"0\" >\t<h3 class=\"section-title\">CAPABILITIES AND SKILLS<\/h3>\n<\/div><\/div><\/div><div id=\"pg-w676133373f175-1\"  class=\"panel-grid panel-has-style\" ><div class=\"panel-row-style panel-row-style-for-w676133373f175-1\" ><div id=\"pgc-w676133373f175-1-0\"  class=\"panel-grid-cell\" ><div id=\"panel-w676133373f175-1-0-0\" class=\"so-panel widget widget_themegrill_flash_service tg-widget tg-single-service panel-first-child panel-last-child\" data-index=\"1\" >\n<div class=\"tg-service-widget tg-service-layout-1\">\n\t<div class=\"service-wrapper\">\n\t\t<div class=\"service-icon-title-wrapper clearfix\">\n\t\t\t\t\t\t\t\t\t<figure class=\"service-image-wrap\"><img decoding=\"async\" src=\"https:\/\/martincrecente.com\/wp-content\/uploads\/2024\/12\/N13-24-scaled.webp\" \/><\/figure>\n\t\t\t\t\t\t\t\t\t<h3 class=\"service-title-wrap\">\n\t\t\t\t\t\t\t\t<a href=\"https:\/\/martincrecente.com\/en\/tecnologia\/\">\n\t\t\t\tTECHNOLOGY\t\t\t\t\t\t\t\t<\/a>\n\t\t\t\t\t\t\t<\/h3>\n\t\t\t\t\t<\/div>\n\t\t\t\t<div class=\"service-content-wrap\">Technical capabilities and production means<\/div>\n\t\t\t\t\t\t<a class=\"service-more\" href=\"https:\/\/martincrecente.com\/en\/tecnologia\/\">See more<\/a>\n\t\t\t<\/div>\n<\/div>\n<\/div><\/div><div id=\"pgc-w676133373f175-1-1\"  class=\"panel-grid-cell\" ><div id=\"panel-w676133373f175-1-1-0\" class=\"so-panel widget widget_themegrill_flash_service tg-widget tg-single-service panel-first-child panel-last-child\" data-index=\"2\" >\n<div class=\"tg-service-widget tg-service-layout-1\">\n\t<div class=\"service-wrapper\">\n\t\t<div class=\"service-icon-title-wrapper clearfix\">\n\t\t\t\t\t\t\t\t\t<figure class=\"service-image-wrap\"><img decoding=\"async\" src=\"https:\/\/martincrecente.com\/wp-content\/uploads\/2024\/12\/2312_Ed-scaled.webp\" \/><\/figure>\n\t\t\t\t\t\t\t\t\t<h3 class=\"service-title-wrap\">\n\t\t\t\t\t\t\t\t<a href=\"https:\/\/martincrecente.com\/en\/producto\/\">\n\t\t\t\tPRODUCT\t\t\t\t\t\t\t\t<\/a>\n\t\t\t\t\t\t\t<\/h3>\n\t\t\t\t\t<\/div>\n\t\t\t\t<div class=\"service-content-wrap\">Product, materials and finishings<\/div>\n\t\t\t\t\t\t<a class=\"service-more\" href=\"https:\/\/martincrecente.com\/en\/producto\/\">See more<\/a>\n\t\t\t<\/div>\n<\/div>\n<\/div><\/div><div id=\"pgc-w676133373f175-1-2\"  class=\"panel-grid-cell\" ><div id=\"panel-w676133373f175-1-2-0\" class=\"so-panel widget widget_themegrill_flash_service tg-widget tg-single-service panel-first-child panel-last-child\" data-index=\"3\" >\n<div class=\"tg-service-widget tg-service-layout-1\">\n\t<div class=\"service-wrapper\">\n\t\t<div class=\"service-icon-title-wrapper clearfix\">\n\t\t\t\t\t\t\t\t\t<figure class=\"service-image-wrap\"><img decoding=\"async\" src=\"https:\/\/martincrecente.com\/wp-content\/uploads\/2024\/12\/2278_Ed-1-2-scaled.webp\" \/><\/figure>\n\t\t\t\t\t\t\t\t\t<h3 class=\"service-title-wrap\">\n\t\t\t\t\t\t\t\t<a href=\"https:\/\/martincrecente.com\/en\/calidad\/\">\n\t\t\t\tQUALITY\t\t\t\t\t\t\t\t<\/a>\n\t\t\t\t\t\t\t<\/h3>\n\t\t\t\t\t<\/div>\n\t\t\t\t<div class=\"service-content-wrap\">Our target: zero defects<\/div>\n\t\t\t\t\t\t<a class=\"service-more\" href=\"https:\/\/martincrecente.com\/en\/calidad\/\">See more<\/a>\n\t\t\t<\/div>\n<\/div>\n<\/div><\/div><\/div><\/div><\/div><\/div><\/div><\/div><\/div><\/div><div id=\"pg-346-4\"  class=\"panel-grid panel-has-style\" ><div class=\"siteorigin-panels-stretch panel-row-style panel-row-style-for-346-4\" data-stretch-type=\"full-width-stretch\" ><div id=\"pgc-346-4-0\"  class=\"panel-grid-cell\" ><div id=\"panel-346-4-0-0\" class=\"so-panel widget widget_themegrill_flash_slider tg-section tg-slider-widget panel-first-child panel-last-child\" data-index=\"6\" ><div class=\"tg-slider-widget slider-dark slider-content-center slider-control-center full-width\">\n\t<div class=\"swiper-container\">\n\t\t<div class=\"swiper-wrapper\">\n\t\t\t\n\t\t\t\t\t<div class=\"swiper-slide\">\n\t\t\t\t\t\t<figure class=\"slider-image\" >\n\t\t\t\t\t\t\t<img width=\"2560\" height=\"685\"\t\t\t\t\t\t\t\t\tsrc=\"https:\/\/martincrecente.com\/wp-content\/uploads\/2024\/12\/MC-SL_2_banner2-scaled.webp\"\n\t\t\t\t\t\t\t\t\talt=\"\u00bfQUIERES COLABORAR?\"\n\t\t\t\t\t\t\t\t\ttitle=\"\u00bfDO YOU WANT TO COLLABORATE?\"\/>\n\t\t\t\t\t\t\t<div class=\"overlay\"><\/div>\n\t\t\t\t\t\t<\/figure>\n\t\t\t\t\t\t<div class=\"slider-content\">\n\t\t\t\t\t\t\t<div class=\"tg-container\">\n\t\t\t\t\t\t\t\t<div class=\"caption-title\">\u00bfDO YOU WANT TO COLLABORATE?<\/div>\n\t\t\t\t\t\t\t\t<div class=\"caption-desc\"><\/div>\n\t\t\t\t\t\t\t\t\t\t\t\t\t\t\t\t\t<div class=\"btn-wrapper\">\n\t\t\t\t\t\t\t\t\t\t<a href=\"https:\/\/martincrecente.com\/en\/contacto\/\">Contact us<\/a>\n\t\t\t\t\t\t\t\t\t<\/div>\n\t\t\t\t\t\t\t\t\t\t\t\t\t\t\t<\/div>\n\t\t\t\t\t\t<\/div>\n\t\t\t\t\t<\/div>\n\n\t\t\t\t\t\t<\/div>\n\t\t<div class=\"swiper-pagination\"><\/div>\n\t\t<div class=\"slider-arrow\">\n\t\t\t<div class=\"swiper-button-next\"><\/div>\n\t\t\t<div class=\"swiper-button-prev\"><\/div>\n\t\t<\/div>\n\t<\/div>\n<\/div>\n<\/div><\/div><\/div><\/div><\/div>","protected":false},"excerpt":{"rendered":"<p>MARTIN CRECENTE SL DECOLETAJE Y MECANIZACI\u00d3N DE PIEZAS DE PRECISI\u00d3N SOBRE NOSOTROS QU\u00c9 OFRECEMOS PIEZAS DE AUTOMOCI\u00d3N, HIDR\u00c1ULICA Y DISTRIBUCI\u00d3N [&hellip;]<\/p>\n","protected":false},"author":1,"featured_media":0,"parent":0,"menu_order":0,"comment_status":"closed","ping_status":"closed","template":"page-templates\/pagebuilder.php","meta":{"_kadence_starter_templates_imported_post":false,"footnotes":""},"class_list":["post-346","page","type-page","status-publish","hentry"],"yoast_head":"<!-- This site is optimized with the Yoast SEO plugin v27.5 - https:\/\/yoast.com\/product\/yoast-seo-wordpress\/ -->\n<title>MARTIN CRECENTE SL - Decoletaje y mecanizaci\u00f3n<\/title>\n<meta name=\"description\" content=\"Decoletaje y mecanizaci\u00f3n de piezas de precisi\u00f3n. Expertos en la producci\u00f3n de componentes geom\u00e9tricamente complejos en un solo proceso.\" \/>\n<meta name=\"robots\" content=\"index, follow, max-snippet:-1, max-image-preview:large, max-video-preview:-1\" \/>\n<link rel=\"canonical\" href=\"https:\/\/martincrecente.com\/en\/\" \/>\n<meta property=\"og:locale\" content=\"en_GB\" \/>\n<meta property=\"og:type\" content=\"article\" \/>\n<meta property=\"og:title\" content=\"MARTIN CRECENTE SL - Decoletaje y mecanizaci\u00f3n\" \/>\n<meta property=\"og:description\" content=\"Decoletaje y mecanizaci\u00f3n de piezas de precisi\u00f3n. Expertos en la producci\u00f3n de componentes geom\u00e9tricamente complejos en un solo proceso.\" \/>\n<meta property=\"og:url\" content=\"https:\/\/martincrecente.com\/en\/\" \/>\n<meta property=\"og:site_name\" content=\"MARTIN CRECENTE SL\" \/>\n<meta property=\"article:modified_time\" content=\"2024-12-19T11:23:14+00:00\" \/>\n<meta name=\"twitter:card\" content=\"summary_large_image\" \/>\n<meta name=\"twitter:label1\" content=\"Estimated reading time\" \/>\n\t<meta name=\"twitter:data1\" content=\"1 minute\" \/>\n<script type=\"application\/ld+json\" class=\"yoast-schema-graph\">{\"@context\":\"https:\\\/\\\/schema.org\",\"@graph\":[{\"@type\":\"WebPage\",\"@id\":\"https:\\\/\\\/martincrecente.com\\\/\",\"url\":\"https:\\\/\\\/martincrecente.com\\\/\",\"name\":\"MARTIN CRECENTE SL - Decoletaje y mecanizaci\u00f3n\",\"isPartOf\":{\"@id\":\"https:\\\/\\\/martincrecente.com\\\/#website\"},\"datePublished\":\"2024-09-30T07:34:23+00:00\",\"dateModified\":\"2024-12-19T11:23:14+00:00\",\"description\":\"Decoletaje y mecanizaci\u00f3n de piezas de precisi\u00f3n. Expertos en la producci\u00f3n de componentes geom\u00e9tricamente complejos en un solo proceso.\",\"breadcrumb\":{\"@id\":\"https:\\\/\\\/martincrecente.com\\\/#breadcrumb\"},\"inLanguage\":\"en-GB\",\"potentialAction\":[{\"@type\":\"ReadAction\",\"target\":[\"https:\\\/\\\/martincrecente.com\\\/\"]}]},{\"@type\":\"BreadcrumbList\",\"@id\":\"https:\\\/\\\/martincrecente.com\\\/#breadcrumb\",\"itemListElement\":[{\"@type\":\"ListItem\",\"position\":1,\"name\":\"Portada\",\"item\":\"https:\\\/\\\/martincrecente.com\\\/\"},{\"@type\":\"ListItem\",\"position\":2,\"name\":\"INICIO\"}]},{\"@type\":\"WebSite\",\"@id\":\"https:\\\/\\\/martincrecente.com\\\/#website\",\"url\":\"https:\\\/\\\/martincrecente.com\\\/\",\"name\":\"MARTIN CRECENTE SL\",\"description\":\"Decoletaje y mecanizaci\u00f3n de piezas\",\"publisher\":{\"@id\":\"https:\\\/\\\/martincrecente.com\\\/#organization\"},\"potentialAction\":[{\"@type\":\"SearchAction\",\"target\":{\"@type\":\"EntryPoint\",\"urlTemplate\":\"https:\\\/\\\/martincrecente.com\\\/?s={search_term_string}\"},\"query-input\":{\"@type\":\"PropertyValueSpecification\",\"valueRequired\":true,\"valueName\":\"search_term_string\"}}],\"inLanguage\":\"en-GB\"},{\"@type\":\"Organization\",\"@id\":\"https:\\\/\\\/martincrecente.com\\\/#organization\",\"name\":\"MARTIN CRECENTE SL\",\"alternateName\":\"Martin Crecente SL\",\"url\":\"https:\\\/\\\/martincrecente.com\\\/\",\"logo\":{\"@type\":\"ImageObject\",\"inLanguage\":\"en-GB\",\"@id\":\"https:\\\/\\\/martincrecente.com\\\/#\\\/schema\\\/logo\\\/image\\\/\",\"url\":\"https:\\\/\\\/martincrecente.com\\\/wp-content\\\/uploads\\\/2024\\\/07\\\/logo.png\",\"contentUrl\":\"https:\\\/\\\/martincrecente.com\\\/wp-content\\\/uploads\\\/2024\\\/07\\\/logo.png\",\"width\":153,\"height\":110,\"caption\":\"MARTIN CRECENTE SL\"},\"image\":{\"@id\":\"https:\\\/\\\/martincrecente.com\\\/#\\\/schema\\\/logo\\\/image\\\/\"},\"sameAs\":[\"https:\\\/\\\/es.linkedin.com\\\/company\\\/martin-crecente-sl\"]}]}<\/script>\n<!-- \/ Yoast SEO plugin. -->","yoast_head_json":{"title":"MARTIN CRECENTE SL - Decoletaje y mecanizaci\u00f3n","description":"Decoletaje y mecanizaci\u00f3n de piezas de precisi\u00f3n. Expertos en la producci\u00f3n de componentes geom\u00e9tricamente complejos en un solo proceso.","robots":{"index":"index","follow":"follow","max-snippet":"max-snippet:-1","max-image-preview":"max-image-preview:large","max-video-preview":"max-video-preview:-1"},"canonical":"https:\/\/martincrecente.com\/en\/","og_locale":"en_GB","og_type":"article","og_title":"MARTIN CRECENTE SL - Decoletaje y mecanizaci\u00f3n","og_description":"Decoletaje y mecanizaci\u00f3n de piezas de precisi\u00f3n. Expertos en la producci\u00f3n de componentes geom\u00e9tricamente complejos en un solo proceso.","og_url":"https:\/\/martincrecente.com\/en\/","og_site_name":"MARTIN CRECENTE SL","article_modified_time":"2024-12-19T11:23:14+00:00","twitter_card":"summary_large_image","twitter_misc":{"Estimated reading time":"1 minute"},"schema":{"@context":"https:\/\/schema.org","@graph":[{"@type":"WebPage","@id":"https:\/\/martincrecente.com\/","url":"https:\/\/martincrecente.com\/","name":"MARTIN CRECENTE SL - Decoletaje y mecanizaci\u00f3n","isPartOf":{"@id":"https:\/\/martincrecente.com\/#website"},"datePublished":"2024-09-30T07:34:23+00:00","dateModified":"2024-12-19T11:23:14+00:00","description":"Decoletaje y mecanizaci\u00f3n de piezas de precisi\u00f3n. Expertos en la producci\u00f3n de componentes geom\u00e9tricamente complejos en un solo proceso.","breadcrumb":{"@id":"https:\/\/martincrecente.com\/#breadcrumb"},"inLanguage":"en-GB","potentialAction":[{"@type":"ReadAction","target":["https:\/\/martincrecente.com\/"]}]},{"@type":"BreadcrumbList","@id":"https:\/\/martincrecente.com\/#breadcrumb","itemListElement":[{"@type":"ListItem","position":1,"name":"Portada","item":"https:\/\/martincrecente.com\/"},{"@type":"ListItem","position":2,"name":"INICIO"}]},{"@type":"WebSite","@id":"https:\/\/martincrecente.com\/#website","url":"https:\/\/martincrecente.com\/","name":"MARTIN CRECENTE SL","description":"Decoletaje y mecanizaci\u00f3n de piezas","publisher":{"@id":"https:\/\/martincrecente.com\/#organization"},"potentialAction":[{"@type":"SearchAction","target":{"@type":"EntryPoint","urlTemplate":"https:\/\/martincrecente.com\/?s={search_term_string}"},"query-input":{"@type":"PropertyValueSpecification","valueRequired":true,"valueName":"search_term_string"}}],"inLanguage":"en-GB"},{"@type":"Organization","@id":"https:\/\/martincrecente.com\/#organization","name":"MARTIN CRECENTE SL","alternateName":"Martin Crecente SL","url":"https:\/\/martincrecente.com\/","logo":{"@type":"ImageObject","inLanguage":"en-GB","@id":"https:\/\/martincrecente.com\/#\/schema\/logo\/image\/","url":"https:\/\/martincrecente.com\/wp-content\/uploads\/2024\/07\/logo.png","contentUrl":"https:\/\/martincrecente.com\/wp-content\/uploads\/2024\/07\/logo.png","width":153,"height":110,"caption":"MARTIN CRECENTE SL"},"image":{"@id":"https:\/\/martincrecente.com\/#\/schema\/logo\/image\/"},"sameAs":["https:\/\/es.linkedin.com\/company\/martin-crecente-sl"]}]}},"_links":{"self":[{"href":"https:\/\/martincrecente.com\/en\/wp-json\/wp\/v2\/pages\/346","targetHints":{"allow":["GET"]}}],"collection":[{"href":"https:\/\/martincrecente.com\/en\/wp-json\/wp\/v2\/pages"}],"about":[{"href":"https:\/\/martincrecente.com\/en\/wp-json\/wp\/v2\/types\/page"}],"author":[{"embeddable":true,"href":"https:\/\/martincrecente.com\/en\/wp-json\/wp\/v2\/users\/1"}],"replies":[{"embeddable":true,"href":"https:\/\/martincrecente.com\/en\/wp-json\/wp\/v2\/comments?post=346"}],"version-history":[{"count":7,"href":"https:\/\/martincrecente.com\/en\/wp-json\/wp\/v2\/pages\/346\/revisions"}],"predecessor-version":[{"id":1404,"href":"https:\/\/martincrecente.com\/en\/wp-json\/wp\/v2\/pages\/346\/revisions\/1404"}],"wp:attachment":[{"href":"https:\/\/martincrecente.com\/en\/wp-json\/wp\/v2\/media?parent=346"}],"curies":[{"name":"wp","href":"https:\/\/api.w.org\/{rel}","templated":true}]}}