{"id":143,"date":"2016-10-05T11:02:28","date_gmt":"2016-10-05T11:02:28","guid":{"rendered":"http:\/\/localhost\/flash-new\/?page_id=143"},"modified":"2025-01-13T08:44:25","modified_gmt":"2025-01-13T07:44:25","slug":"contacto","status":"publish","type":"page","link":"https:\/\/martincrecente.com\/en\/contacto\/","title":{"rendered":"CONTACT"},"content":{"rendered":"\t\t<div data-elementor-type=\"wp-page\" data-elementor-id=\"143\" class=\"elementor elementor-143\">\n\t\t\t\t<div class=\"elementor-element elementor-element-27d4d90 e-grid e-con-boxed e-con e-parent\" data-id=\"27d4d90\" data-element_type=\"container\">\n\t\t\t\t\t<div class=\"e-con-inner\">\n\t\t\t\t<div class=\"elementor-element elementor-element-f5017e7 elementor-widget elementor-widget-text-editor\" data-id=\"f5017e7\" data-element_type=\"widget\" data-widget_type=\"text-editor.default\">\n\t\t\t\t<div class=\"elementor-widget-container\">\n\t\t\t\t\t\t\t<h1><strong>MARTIN CRECENTE SL<\/strong><\/h1>\n<p>Av. Castell de Barber\u00e0, 26-28, T13, N6<br>Pol\u00edgono Industrial Santiga<br>BARBER\u00c0 DEL VALL\u00c8S (08210) &#8211; Barcelona &#8211; Espa\u00f1a<\/p>\n<p><a href=\"mailto:empresa@martincrecente.com\">empresa@martincrecente.com<\/a><\/p>\n<p>Tel. +34 937 195 004<br><\/p>\t\t\t\t\t\t<\/div>\n\t\t\t\t<\/div>\n\t\t\t\t<div class=\"elementor-element elementor-element-3a9b8e7 elementor-widget elementor-widget-shortcode\" data-id=\"3a9b8e7\" data-element_type=\"widget\" data-widget_type=\"shortcode.default\">\n\t\t\t\t<div class=\"elementor-widget-container\">\n\t\t\t\t\t<div class=\"elementor-shortcode\"><div class=\"leaflet-map WPLeafletMap\" style=\"height:250px; width:100%;\"><\/div><script>\nwindow.WPLeafletMapPlugin = window.WPLeafletMapPlugin || [];\nwindow.WPLeafletMapPlugin.push(function WPLeafletMapShortcode() {\/*<script>*\/\nvar baseUrl = atob('aHR0cHM6Ly97c30udGlsZS5vcGVuc3RyZWV0bWFwLm9yZy97en0ve3h9L3t5fS5wbmc=');\nvar base = (!baseUrl && window.MQ) ?\n    window.MQ.mapLayer() : L.tileLayer(baseUrl,\n        L.Util.extend({}, {\n            detectRetina: 0,\n        },\n        {\"subdomains\":\"abc\",\"noWrap\":false,\"maxZoom\":19}        )\n    );\n    var options = L.Util.extend({}, {\n        layers: [base],\n        attributionControl: false\n    },\n    {\"zoomControl\":true,\"scrollWheelZoom\":true,\"doubleClickZoom\":false,\"fitBounds\":false,\"minZoom\":0,\"maxZoom\":19,\"maxBounds\":null,\"attribution\":\"<a href=\\\"http:\\\/\\\/leafletjs.com\\\" title=\\\"Una biblioteca JS para mapas interactivos\\\">Leaflet<\\\/a>; \\u00a9 <a href=\\\"http:\\\/\\\/www.openstreetmap.org\\\/copyright\\\">OpenStreetMap<\\\/a> colaboradores\"},\n    {});\nwindow.WPLeafletMapPlugin.createMap(options).setView([41.520941,2.145751],15);});<\/script>\n<script>\nwindow.WPLeafletMapPlugin = window.WPLeafletMapPlugin || [];\nwindow.WPLeafletMapPlugin.push(function WPLeafletMarkerShortcode() {\/*<script>*\/\nvar map = window.WPLeafletMapPlugin.getCurrentMap();\nvar group = window.WPLeafletMapPlugin.getCurrentGroup();\nvar marker_options = window.WPLeafletMapPlugin.getIconOptions({});\nvar marker = L.marker(\n    [0,0],\n    marker_options\n);\nvar is_image = map.is_image_map;\n    marker.setLatLng( map.getCenter() );\nif (marker_options.draggable) {\n    marker.on('dragend', function () {\n        var latlng = this.getLatLng();\n        var lat = latlng.lat;\n        var lng = latlng.lng;\n        if (is_image) {\n            console.log('leaflet-marker y=' + lat + ' x=' + lng);\n        } else {\n            console.log('leaflet-marker lat=' + lat + ' lng=' + lng);\n        }\n    });\n}\nmarker.addTo( group );\nmarker.bindPopup(window.WPLeafletMapPlugin.unescape(' &lt;a href=\\&quot;https:\/\/maps.app.goo.gl\/7nXeRineyPbMLwrA8\\&quot;&gt;MARTIN CRECENTE SL&lt;\/a&gt; &lt;br&gt;Haz click para obtener indicaciones '));window.WPLeafletMapPlugin.markers.push( marker );\n        });<\/script><\/div>\n\t\t\t\t<\/div>\n\t\t\t\t<\/div>\n\t\t\t\t\t<\/div>\n\t\t\t\t<\/div>\n\t\t\t\t<\/div>\n\t\t","protected":false},"excerpt":{"rendered":"<p>MARTIN CRECENTE SL Av. Castell de Barber\u00e0, 26-28, T13, N6Pol\u00edgono Industrial SantigaBARBER\u00c0 DEL VALL\u00c8S (08210) &#8211; Barcelona &#8211; Espa\u00f1a empresa@martincrecente.com [&hellip;]<\/p>\n","protected":false},"author":1,"featured_media":0,"parent":0,"menu_order":0,"comment_status":"closed","ping_status":"closed","template":"","meta":{"_kadence_starter_templates_imported_post":false,"footnotes":""},"class_list":["post-143","page","type-page","status-publish","hentry"],"yoast_head":"<!-- This site is optimized with the Yoast SEO plugin v27.5 - https:\/\/yoast.com\/product\/yoast-seo-wordpress\/ -->\n<title>CONTACTO - MARTIN CRECENTE SL<\/title>\n<meta name=\"robots\" content=\"index, follow, max-snippet:-1, max-image-preview:large, max-video-preview:-1\" \/>\n<link rel=\"canonical\" href=\"https:\/\/martincrecente.com\/en\/contacto\/\" \/>\n<meta property=\"og:locale\" content=\"en_GB\" \/>\n<meta property=\"og:type\" content=\"article\" \/>\n<meta property=\"og:title\" content=\"CONTACTO - MARTIN CRECENTE SL\" \/>\n<meta property=\"og:description\" content=\"MARTIN CRECENTE SL Av. Castell de Barber\u00e0, 26-28, T13, N6Pol\u00edgono Industrial SantigaBARBER\u00c0 DEL VALL\u00c8S (08210) &#8211; Barcelona &#8211; Espa\u00f1a empresa@martincrecente.com [&hellip;]\" \/>\n<meta property=\"og:url\" content=\"https:\/\/martincrecente.com\/en\/contacto\/\" \/>\n<meta property=\"og:site_name\" content=\"MARTIN CRECENTE SL\" \/>\n<meta property=\"article:modified_time\" content=\"2025-01-13T07:44:25+00:00\" \/>\n<meta name=\"twitter:card\" content=\"summary_large_image\" \/>\n<meta name=\"twitter:label1\" content=\"Estimated reading time\" \/>\n\t<meta name=\"twitter:data1\" content=\"1 minute\" \/>\n<script type=\"application\/ld+json\" class=\"yoast-schema-graph\">{\"@context\":\"https:\\\/\\\/schema.org\",\"@graph\":[{\"@type\":\"WebPage\",\"@id\":\"https:\\\/\\\/martincrecente.com\\\/contacto\\\/\",\"url\":\"https:\\\/\\\/martincrecente.com\\\/contacto\\\/\",\"name\":\"CONTACTO - MARTIN CRECENTE SL\",\"isPartOf\":{\"@id\":\"https:\\\/\\\/martincrecente.com\\\/#website\"},\"datePublished\":\"2016-10-05T11:02:28+00:00\",\"dateModified\":\"2025-01-13T07:44:25+00:00\",\"breadcrumb\":{\"@id\":\"https:\\\/\\\/martincrecente.com\\\/contacto\\\/#breadcrumb\"},\"inLanguage\":\"en-GB\",\"potentialAction\":[{\"@type\":\"ReadAction\",\"target\":[\"https:\\\/\\\/martincrecente.com\\\/contacto\\\/\"]}]},{\"@type\":\"BreadcrumbList\",\"@id\":\"https:\\\/\\\/martincrecente.com\\\/contacto\\\/#breadcrumb\",\"itemListElement\":[{\"@type\":\"ListItem\",\"position\":1,\"name\":\"Portada\",\"item\":\"https:\\\/\\\/martincrecente.com\\\/\"},{\"@type\":\"ListItem\",\"position\":2,\"name\":\"CONTACTO\"}]},{\"@type\":\"WebSite\",\"@id\":\"https:\\\/\\\/martincrecente.com\\\/#website\",\"url\":\"https:\\\/\\\/martincrecente.com\\\/\",\"name\":\"MARTIN CRECENTE SL\",\"description\":\"Decoletaje y mecanizaci\u00f3n de piezas\",\"publisher\":{\"@id\":\"https:\\\/\\\/martincrecente.com\\\/#organization\"},\"potentialAction\":[{\"@type\":\"SearchAction\",\"target\":{\"@type\":\"EntryPoint\",\"urlTemplate\":\"https:\\\/\\\/martincrecente.com\\\/?s={search_term_string}\"},\"query-input\":{\"@type\":\"PropertyValueSpecification\",\"valueRequired\":true,\"valueName\":\"search_term_string\"}}],\"inLanguage\":\"en-GB\"},{\"@type\":\"Organization\",\"@id\":\"https:\\\/\\\/martincrecente.com\\\/#organization\",\"name\":\"MARTIN CRECENTE SL\",\"alternateName\":\"Martin Crecente SL\",\"url\":\"https:\\\/\\\/martincrecente.com\\\/\",\"logo\":{\"@type\":\"ImageObject\",\"inLanguage\":\"en-GB\",\"@id\":\"https:\\\/\\\/martincrecente.com\\\/#\\\/schema\\\/logo\\\/image\\\/\",\"url\":\"https:\\\/\\\/martincrecente.com\\\/wp-content\\\/uploads\\\/2024\\\/07\\\/logo.png\",\"contentUrl\":\"https:\\\/\\\/martincrecente.com\\\/wp-content\\\/uploads\\\/2024\\\/07\\\/logo.png\",\"width\":153,\"height\":110,\"caption\":\"MARTIN CRECENTE SL\"},\"image\":{\"@id\":\"https:\\\/\\\/martincrecente.com\\\/#\\\/schema\\\/logo\\\/image\\\/\"},\"sameAs\":[\"https:\\\/\\\/es.linkedin.com\\\/company\\\/martin-crecente-sl\"]}]}<\/script>\n<!-- \/ Yoast SEO plugin. -->","yoast_head_json":{"title":"CONTACTO - MARTIN CRECENTE SL","robots":{"index":"index","follow":"follow","max-snippet":"max-snippet:-1","max-image-preview":"max-image-preview:large","max-video-preview":"max-video-preview:-1"},"canonical":"https:\/\/martincrecente.com\/en\/contacto\/","og_locale":"en_GB","og_type":"article","og_title":"CONTACTO - MARTIN CRECENTE SL","og_description":"MARTIN CRECENTE SL Av. Castell de Barber\u00e0, 26-28, T13, N6Pol\u00edgono Industrial SantigaBARBER\u00c0 DEL VALL\u00c8S (08210) &#8211; Barcelona &#8211; Espa\u00f1a empresa@martincrecente.com [&hellip;]","og_url":"https:\/\/martincrecente.com\/en\/contacto\/","og_site_name":"MARTIN CRECENTE SL","article_modified_time":"2025-01-13T07:44:25+00:00","twitter_card":"summary_large_image","twitter_misc":{"Estimated reading time":"1 minute"},"schema":{"@context":"https:\/\/schema.org","@graph":[{"@type":"WebPage","@id":"https:\/\/martincrecente.com\/contacto\/","url":"https:\/\/martincrecente.com\/contacto\/","name":"CONTACTO - MARTIN CRECENTE SL","isPartOf":{"@id":"https:\/\/martincrecente.com\/#website"},"datePublished":"2016-10-05T11:02:28+00:00","dateModified":"2025-01-13T07:44:25+00:00","breadcrumb":{"@id":"https:\/\/martincrecente.com\/contacto\/#breadcrumb"},"inLanguage":"en-GB","potentialAction":[{"@type":"ReadAction","target":["https:\/\/martincrecente.com\/contacto\/"]}]},{"@type":"BreadcrumbList","@id":"https:\/\/martincrecente.com\/contacto\/#breadcrumb","itemListElement":[{"@type":"ListItem","position":1,"name":"Portada","item":"https:\/\/martincrecente.com\/"},{"@type":"ListItem","position":2,"name":"CONTACTO"}]},{"@type":"WebSite","@id":"https:\/\/martincrecente.com\/#website","url":"https:\/\/martincrecente.com\/","name":"MARTIN CRECENTE SL","description":"Decoletaje y mecanizaci\u00f3n de piezas","publisher":{"@id":"https:\/\/martincrecente.com\/#organization"},"potentialAction":[{"@type":"SearchAction","target":{"@type":"EntryPoint","urlTemplate":"https:\/\/martincrecente.com\/?s={search_term_string}"},"query-input":{"@type":"PropertyValueSpecification","valueRequired":true,"valueName":"search_term_string"}}],"inLanguage":"en-GB"},{"@type":"Organization","@id":"https:\/\/martincrecente.com\/#organization","name":"MARTIN CRECENTE SL","alternateName":"Martin Crecente SL","url":"https:\/\/martincrecente.com\/","logo":{"@type":"ImageObject","inLanguage":"en-GB","@id":"https:\/\/martincrecente.com\/#\/schema\/logo\/image\/","url":"https:\/\/martincrecente.com\/wp-content\/uploads\/2024\/07\/logo.png","contentUrl":"https:\/\/martincrecente.com\/wp-content\/uploads\/2024\/07\/logo.png","width":153,"height":110,"caption":"MARTIN CRECENTE SL"},"image":{"@id":"https:\/\/martincrecente.com\/#\/schema\/logo\/image\/"},"sameAs":["https:\/\/es.linkedin.com\/company\/martin-crecente-sl"]}]}},"_links":{"self":[{"href":"https:\/\/martincrecente.com\/en\/wp-json\/wp\/v2\/pages\/143","targetHints":{"allow":["GET"]}}],"collection":[{"href":"https:\/\/martincrecente.com\/en\/wp-json\/wp\/v2\/pages"}],"about":[{"href":"https:\/\/martincrecente.com\/en\/wp-json\/wp\/v2\/types\/page"}],"author":[{"embeddable":true,"href":"https:\/\/martincrecente.com\/en\/wp-json\/wp\/v2\/users\/1"}],"replies":[{"embeddable":true,"href":"https:\/\/martincrecente.com\/en\/wp-json\/wp\/v2\/comments?post=143"}],"version-history":[{"count":3,"href":"https:\/\/martincrecente.com\/en\/wp-json\/wp\/v2\/pages\/143\/revisions"}],"predecessor-version":[{"id":1409,"href":"https:\/\/martincrecente.com\/en\/wp-json\/wp\/v2\/pages\/143\/revisions\/1409"}],"wp:attachment":[{"href":"https:\/\/martincrecente.com\/en\/wp-json\/wp\/v2\/media?parent=143"}],"curies":[{"name":"wp","href":"https:\/\/api.w.org\/{rel}","templated":true}]}}